{"id":8,"date":"2017-04-10T13:02:49","date_gmt":"2017-04-10T13:02:49","guid":{"rendered":"http:\/\/www.nicdarkthemes.com\/themes\/charity\/wp\/demo\/charity\/?page_id=8"},"modified":"2025-06-17T08:30:43","modified_gmt":"2025-06-17T08:30:43","slug":"about-us","status":"publish","type":"page","link":"https:\/\/legacy-charity.org\/index.php\/about-us\/","title":{"rendered":"About Us"},"content":{"rendered":"<p>[vc_row][vc_column width=&#8221;6\/12&#8243; css=&#8221;.vc_custom_1467360650255{margin-top: 10px !important;margin-bottom: 10px !important;padding-top: 0px !important;padding-right: 40px !important;}&#8221;][vc_column_text el_class=&#8221;nd_options_text_align_center_responsive&#8221;]<strong>Legacy Charity<\/strong> ist eine in der Schweiz registrierte gemeinn\u00fctzige Organisation, die von Mitgef\u00fchl und einem tiefen Sinn f\u00fcr Solidarit\u00e4t getragen wird. Unsere Mission ist es, das Leben benachteiligter Kinder, gef\u00e4hrdeter Jugendlicher und armer Witwen in weiten Teilen Nigerias zu verbessern. Durch gezielte Hilfsma\u00dfnahmen und gemeinschaftsbasierte Programme setzen wir uns daf\u00fcr ein, W\u00fcrde wiederherzustellen, Chancen zu schaffen und dort einen nachhaltigen Unterschied zu machen, wo die Hilfe am dringendsten ben\u00f6tigt wird.[\/vc_column_text][\/vc_column][vc_column width=&#8221;3\/12&#8243; css=&#8221;.vc_custom_1467207292391{margin-top: 10px !important;margin-bottom: 10px !important;padding-top: 0px !important;}&#8221;]<div style=\"background-color:;height: 15px\" class=\"nicdark_section  \"><\/div>[vc_column_text el_class=&#8221;nd_options_text_align_center_responsive&#8221;]Die Vision wurde von Joshua Okonkwo ins Leben gerufen \u2013 einem in der Schweiz lebenden Nigerianer, Musiklehrer an Grund- und Sekundarschulen, Leiter eines Gemeinschafts- und Integrationschores sowie S\u00e4nger und Songwriter, bekannt unter seinem K\u00fcnstlernamen <strong>Joe Legacy<\/strong>.[\/vc_column_text][\/vc_column][vc_column width=&#8221;3\/12&#8243; css=&#8221;.vc_custom_1467207298589{margin-top: 10px !important;margin-bottom: 10px !important;padding-top: 0px !important;}&#8221;]<div style=\"background-color:;height: 15px\" class=\"nicdark_section  \"><\/div>[vc_column_text el_class=&#8221;nd_options_text_align_center_responsive&#8221;]\u201eAufgewachsen bei einer armen Witwe mit vier weiteren Geschwistern im l\u00e4ndlichen Osten Nigerias, habe ich die harten Auswirkungen von Armut aus erster Hand erlebt. Es h\u00e4tte fast meine Hoffnung und mein Selbstvertrauen zerst\u00f6rt und meine Lebensziele gef\u00e4hrdet. Heute bin ich in der Lage, anderen in \u00e4hnlichen Situationen auf meine Weise zu helfen.\u201c \u2014 <strong>Joe Legacy<\/strong>[\/vc_column_text][\/vc_column][\/vc_row][vc_row css=&#8221;.vc_custom_1492510780167{margin-top: 30px !important;}&#8221;][vc_column width=&#8221;1\/3&#8243;]<div style=\"background-color:;height: 10px\" class=\"nicdark_section  \"><\/div>\n\n\n  <!--START team-->\n  <div class=\"nd_options_section \">\n                                        \n    <!--image-->\n    <div class=\"nd_options_section\">\n        \n        <img decoding=\"async\" alt=\"\" class=\"nd_options_section\" src=\"https:\/\/legacy-charity.org\/wp-content\/uploads\/2019\/09\/Legacy-bio-1022x1024.png\">\n\n    <\/div>\n    <!--image-->\n\n\n    <div class=\"nd_options_section nd_options_padding_20 nd_options_box_sizing_border_box\">\n    \n        <h2 class=\"nd_options_margin_0_important\"><strong>JOSHUA OKONKWO<\/strong><\/h2>\n        <div class=\"nd_options_section nd_options_height_10\"><\/div> \n        <h6 class=\"nd_options_text_transform_uppercase nd_options_margin_0_important\">PRESIDENT\/ FOUNDER<\/h6>\n        <div class=\"nd_options_section nd_options_height_20\"><\/div> \n        <p class=\"nd_options_margin_0_important\"><\/p>\n        <div class=\"nd_options_section nd_options_height_20\"><\/div> \n        <a rel=\"\" target=\"_self\" style=\"background-color:#000000\" class=\"nd_options_margin_0_important nd_options_display_inline_block nd_options_color_white nd_options_first_font nd_options_padding_8 nd_options_border_radius_3 nd_options_font_size_13\" href=\"\"><\/a>\n\n    <\/div>\n\n  <\/div>\n  <!--END team-->\n\n\n   <div style=\"background-color:;height: 10px\" class=\"nicdark_section  \"><\/div>[\/vc_column][vc_column width=&#8221;1\/3&#8243;]<div style=\"background-color:;height: 10px\" class=\"nicdark_section  \"><\/div>\n\n\n  <!--START team-->\n  <div class=\"nd_options_section \">\n                                        \n    <!--image-->\n    <div class=\"nd_options_section\">\n        \n        <img decoding=\"async\" alt=\"\" class=\"nd_options_section\" src=\"https:\/\/legacy-charity.org\/wp-content\/uploads\/2020\/03\/beatrice.jpg\">\n\n    <\/div>\n    <!--image-->\n\n\n    <div class=\"nd_options_section nd_options_padding_20 nd_options_box_sizing_border_box\">\n    \n        <h2 class=\"nd_options_margin_0_important\"><strong>Beatrice Kiefer-L\u00fcthi<\/strong><\/h2>\n        <div class=\"nd_options_section nd_options_height_10\"><\/div> \n        <h6 class=\"nd_options_text_transform_uppercase nd_options_margin_0_important\">Finance<\/h6>\n        <div class=\"nd_options_section nd_options_height_20\"><\/div> \n        <p class=\"nd_options_margin_0_important\"><\/p>\n        <div class=\"nd_options_section nd_options_height_20\"><\/div> \n        <a rel=\"\" target=\"_self\" style=\"background-color:#000000\" class=\"nd_options_margin_0_important nd_options_display_inline_block nd_options_color_white nd_options_first_font nd_options_padding_8 nd_options_border_radius_3 nd_options_font_size_13\" href=\"\"><\/a>\n\n    <\/div>\n\n  <\/div>\n  <!--END team-->\n\n\n   [\/vc_column][vc_column width=&#8221;1\/3&#8243;]<div style=\"background-color:;height: 10px\" class=\"nicdark_section  \"><\/div>\n\n\n  <!--START team-->\n  <div class=\"nd_options_section \">\n                                        \n    <!--image-->\n    <div class=\"nd_options_section\">\n        \n        <img decoding=\"async\" alt=\"\" class=\"nd_options_section\" src=\"https:\/\/legacy-charity.org\/wp-content\/uploads\/2019\/09\/Maya-Bio-1024x1024.png\">\n\n    <\/div>\n    <!--image-->\n\n\n    <div class=\"nd_options_section nd_options_padding_20 nd_options_box_sizing_border_box\">\n    \n        <h2 class=\"nd_options_margin_0_important\"><strong>MAYA OKONKWO<\/strong><\/h2>\n        <div class=\"nd_options_section nd_options_height_10\"><\/div> \n        <h6 class=\"nd_options_text_transform_uppercase nd_options_margin_0_important\">VICE PRESIDENT \/ PROTOCOL<\/h6>\n        <div class=\"nd_options_section nd_options_height_20\"><\/div> \n        <p class=\"nd_options_margin_0_important\"><\/p>\n        <div class=\"nd_options_section nd_options_height_20\"><\/div> \n        <a rel=\"\" target=\"_self\" style=\"background-color:#000000\" class=\"nd_options_margin_0_important nd_options_display_inline_block nd_options_color_white nd_options_first_font nd_options_padding_8 nd_options_border_radius_3 nd_options_font_size_13\" href=\"\"><\/a>\n\n    <\/div>\n\n  <\/div>\n  <!--END team-->\n\n\n   <div style=\"background-color:;height: 10px\" class=\"nicdark_section  \"><\/div>[\/vc_column][\/vc_row][vc_row][vc_column][vc_empty_space][vc_column_text]<\/p>\n<h2><strong>Unsere Vision und Mission<\/strong><\/h2>\n<p>&nbsp;<\/p>\n<h3><strong>1. Kinder&nbsp;<\/strong><\/h3>\n<p>&nbsp;<\/p>\n<p>Wir engagieren uns daf\u00fcr, in das Leben von Kindern zu investieren \u2013 ihnen zu helfen, ihren Zweck zu entdecken, ihr Potenzial zu entfalten und wertvolle Lebenskompetenzen zu entwickeln durch:<\/p>\n<p>&nbsp;<\/p>\n<p>&nbsp;<\/p>\n<h4>\u2022 Qualitativ hochwertige Bildung:<\/h4>\n<p>&nbsp;<\/p>\n<p>\u201cBildung ist die m\u00e4chtigste Waffe, die du benutzen kannst, um die Welt zu ver\u00e4ndern.\u201d\u2014 <strong>Nelson Mandela<\/strong><\/p>\n<p>Traurigerweise ist dieses \u201em\u00e4chtige Werkzeug\u201c in diesem Teil der Welt ein Privileg, das nur den Reichen vorbehalten ist.<\/p>\n<p>&nbsp;<\/p>\n<p>Wir wollen das \u00e4ndern, indem wir Stipendien und Mentoring anbieten, sodass Kinder nicht nur akademisches Wissen, sondern auch moralische und soziale Werte erhalten, um ihre Identit\u00e4t und ihren Beitrag zur Gesellschaft zu verstehen.<\/p>\n<h3>&nbsp;<\/h3>\n<p>&nbsp;<\/p>\n<h3><strong>2. Jugendliche<\/strong><\/h3>\n<p>&nbsp;<\/p>\n<p>Wir glauben an die Kraft, Energie und Kreativit\u00e4t junger Menschen \u2013 und wir setzen uns daf\u00fcr ein, sie mit den Werkzeugen auszustatten, die sie f\u00fcr eine sinnvolle und produktive Zukunft ben\u00f6tigen.<\/p>\n<p><strong>F\u00f6rderung und Kompetenzentwicklung<\/strong> (<em>Legacy Charity Skill Acquisition Centre<\/em>)<\/p>\n<p>&nbsp;<\/p>\n<p><strong>Das Legacy Charity Skill Acquisition Centre<\/strong> ist ein Projekt, das als Ausbildungszentrum dient, in dem insbesondere Jugendliche und Frauen praktische F\u00e4higkeiten erwerben k\u00f6nnen, die zu finanzieller Unabh\u00e4ngigkeit, W\u00fcrde und langfristigem Erfolg f\u00fchren.<\/p>\n<p>&nbsp;<\/p>\n<p><strong>Das Projekt tr\u00e4gt dazu bei:<\/strong><br \/>\n\u2022 Arbeitslosigkeit zu reduzieren,<br \/>\n\u2022 Unternehmertum zu f\u00f6rdern<br \/>\n\u2022 und Menschen zu bef\u00e4higen, selbstst\u00e4ndig und unabh\u00e4ngig zu leben.<\/p>\n<p>&nbsp;<\/p>\n<p>In einer sich schnell ver\u00e4ndernden Welt sehen sich viele junge Menschen mit Arbeitslosigkeit, Perspektivlosigkeit und Orientierungslosigkeit konfrontiert. Wir setzen uns daf\u00fcr ein, diesen Trend umzukehren \u2013 durch:<br \/>\n\u2022 Berufsausbildungen und handwerkliche Schulungen<br \/>\n\u2022 F\u00f6rderung unternehmerischer F\u00e4higkeiten<br \/>\n\u2022 Mentoring- und F\u00fchrungstrainings<\/p>\n<p>&nbsp;<\/p>\n<p>Unser Ziel ist es, Jugendlichen zu helfen, ihre Talente und Leidenschaften zu entdecken und ihnen gleichzeitig praktische Kompetenzen und Werte zu vermitteln, die sie zu selbstst\u00e4ndigen, innovativen und sozial verantwortlichen F\u00fchrungskr\u00e4ften in ihren Gemeinschaften machen.<\/p>\n<p>&nbsp;<\/p>\n<p>&nbsp;<\/p>\n<h3><strong>3. Witwen<\/strong><\/h3>\n<p>&nbsp;<\/p>\n<p>In vielen Teilen der nigerianischen Kultur werden Witwen oft \u00fcbersehen, unterdr\u00fcckt und sich selbst \u00fcberlassen. Wir sind entschlossen, dieses Bild zu ver\u00e4ndern \u2013 durch die Wiederherstellung von W\u00fcrde, Hoffnung und Zugeh\u00f6rigkeit.<\/p>\n<p>&nbsp;<\/p>\n<p><strong>St\u00e4rkung durch Unterst\u00fctzung<\/strong><br \/>\nUnsere Mission ist es, Witwen zu w\u00fcrdigen, zu st\u00e4rken und ihnen Freude zur\u00fcckzugeben, indem wir sie dabei unterst\u00fctzen, ihr Leben mit praktischer und nachhaltiger Hilfe wieder aufzubauen.<\/p>\n<p>&nbsp;<\/p>\n<p>Wir bieten finanzielle Unterst\u00fctzung, damit sie kleine Gesch\u00e4fte gr\u00fcnden k\u00f6nnen, die ihren Lebensunterhalt sichern.<\/p>\n<p>&nbsp;<\/p>\n<p><strong>Beispiele:<\/strong><br \/>\n\u2022 Eine N\u00e4hmaschine zum Start eines Schneiderei-Gesch\u00e4fts<br \/>\n\u2022 Ein einfaches K\u00fcchenset zur Er\u00f6ffnung eines kleinen Lebensmittelstandes<br \/>\n\u2022 Haartrockner und Grundausstattung f\u00fcr einen kleinen Friseursalon<\/p>\n<p>Unser Ansatz basiert auf dem Prinzip der W\u00fcrde durch Eigenst\u00e4ndigkeit \u2013 wir helfen Witwen nicht nur beim \u00dcberleben, sondern erm\u00f6glichen es ihnen, ihre Kinder zu versorgen und aktiv zur Gemeinschaft beizutragen.<\/p>\n<p>&nbsp;<\/p>\n<p><strong>Musik als Therapie<\/strong><br \/>\nAls seelische Therapie bieten wir zudem eine musikalische Plattform an, auf der sich Witwen in einem Chor treffen, singen und tanzen lernen. Durch den Austausch untereinander, das gemeinsame Musizieren und die Freude an der Bewegung, finden sie emotionale Erleichterung und neue Lebensfreude.<\/p>\n<p>&nbsp;<\/p>\n<p><strong>Royal Feast<\/strong><br \/>\nRoyal Feast ist eine herzliche Hilfsaktion, die dazu dient, verletzlichen Witwen und Kindern W\u00fcrde, Freude und Entlastung zu bringen. Mehrmals im Jahr verteilen wir im Rahmen dieses Projekts Lebensmittel, Kleidung und verschiedene Geschenkartikel an Bed\u00fcrftige.<\/p>\n<p>&nbsp;<\/p>\n<p>Unser Ziel ist es, ihnen zu zeigen, dass sie nicht vergessen sind \u2013 auch sie verdienen es, gesch\u00e4tzt, geliebt und gefeiert zu werden.<\/p>\n<p>&nbsp;<\/p>\n<p><strong>Was wir verteilen:<\/strong><br \/>\n\u2022 Nahrhafte Lebensmittelpakete<br \/>\n\u2022 Hochwertige Kleidung<br \/>\n\u2022 Schulmaterialien<br \/>\n\u2022 Spielzeug und pers\u00f6nliche Geschenke f\u00fcr Kinder<\/p>\n<p>&nbsp;<\/p>\n<p>Royal Feast ist mehr als nur ein Event \u2013 es ist ein Fest der Liebe, Hoffnung und Gemeinschaft.<\/p>\n<h3>&nbsp;<\/h3>\n<p>&nbsp;<\/p>\n<h3><strong>4. Gesundheitsversorgung<\/strong><\/h3>\n<p>&nbsp;<\/p>\n<p>Wir bieten armen Witwen und Kindern Zugang zu grundlegender medizinischer Versorgung, um ihre Gesundheit zu verbessern und ihre Lebensqualit\u00e4t zu erh\u00f6hen.<\/p>\n<p>&nbsp;<\/p>\n<p>\u201eWer sich des Armen erbarmt, leiht dem HERRN, und Er wird ihm seine Wohltat vergelten.\u201c \u2013 Spr\u00fcche 19,17<\/p>\n<p>&nbsp;<\/p>\n<p>\u201eEiner jagt tausend, zwei jagen zehntausend.\u201c Gemeinsam k\u00f6nnen wir unsere Welt positiv beeinflussen.<\/p>\n<p>&nbsp;<\/p>\n<p>Durch Ihre Partnerschaft und Unterst\u00fctzung&#8230;<\/p>\n<p>&nbsp;<\/p>\n<p>\u2026 werden Leben ver\u00e4ndert \u2013 Zukunft wird gestaltet, Hoffnung wird wiederhergestellt, und viele Menschen werden aus wirtschaftlicher Not und Unterdr\u00fcckung befreit.<\/p>\n<p>&nbsp;<\/p>\n<p><strong>Legacy Charity Team<\/strong><\/p>\n<p>\u2022 Joshua Okonkwo \u2013 Gr\u00fcnder \/ Pr\u00e4sident<br \/>\n\u2022 Maya Okonkwo \u2013 Vizepr\u00e4sidentin \/ Protokoll<br \/>\n\u2022 Beatrice Kiefer-L\u00fcthi \u2013 Finanzen, Schweiz<br \/>\n\u2022 Gloria Chukwu \u2013 Koordinatorin, Nigeria<\/p>\n<p>&nbsp;<\/p>\n<p><strong>Beraterteam:<\/strong><\/p>\n<p>\u2022 Stefanie Toussaint \u2013 Recht, Schweiz<br \/>\n\u2022 Rev. Mrs. Ijeoma Egbo \u2013 Nigeria (Seelsorgerin)[\/vc_column_text][\/vc_column][\/vc_row]<\/p>\n","protected":false},"excerpt":{"rendered":"<p>[vc_row][vc_column width=&#8221;6\/12&#8243; css=&#8221;.vc_custom_1467360650255{margin-top: 10px !important;margin-bottom: 10px !important;padding-top: 0px !important;padding-right: 40px !important;}&#8221;][vc_column_text el_class=&#8221;nd_options_text_align_center_responsive&#8221;]Legacy Charity ist eine in der Schweiz registrierte gemeinn\u00fctzige Organisation, die von Mitgef\u00fchl und einem tiefen Sinn f\u00fcr Solidarit\u00e4t [&hellip;]<\/p>\n","protected":false},"author":1,"featured_media":0,"parent":0,"menu_order":0,"comment_status":"closed","ping_status":"closed","template":"","meta":{"ngg_post_thumbnail":0,"footnotes":""},"class_list":["post-8","page","type-page","status-publish","hentry"],"_links":{"self":[{"href":"https:\/\/legacy-charity.org\/index.php\/wp-json\/wp\/v2\/pages\/8","targetHints":{"allow":["GET"]}}],"collection":[{"href":"https:\/\/legacy-charity.org\/index.php\/wp-json\/wp\/v2\/pages"}],"about":[{"href":"https:\/\/legacy-charity.org\/index.php\/wp-json\/wp\/v2\/types\/page"}],"author":[{"embeddable":true,"href":"https:\/\/legacy-charity.org\/index.php\/wp-json\/wp\/v2\/users\/1"}],"replies":[{"embeddable":true,"href":"https:\/\/legacy-charity.org\/index.php\/wp-json\/wp\/v2\/comments?post=8"}],"version-history":[{"count":40,"href":"https:\/\/legacy-charity.org\/index.php\/wp-json\/wp\/v2\/pages\/8\/revisions"}],"predecessor-version":[{"id":1914,"href":"https:\/\/legacy-charity.org\/index.php\/wp-json\/wp\/v2\/pages\/8\/revisions\/1914"}],"wp:attachment":[{"href":"https:\/\/legacy-charity.org\/index.php\/wp-json\/wp\/v2\/media?parent=8"}],"curies":[{"name":"wp","href":"https:\/\/api.w.org\/{rel}","templated":true}]}}